{"id":28857,"date":"2020-10-14T14:16:35","date_gmt":"2020-10-14T12:16:35","guid":{"rendered":"https:\/\/bw201.brentex-webproject.ch\/?page_id=28857"},"modified":"2023-10-27T13:16:41","modified_gmt":"2023-10-27T11:16:41","slug":"kontakt","status":"publish","type":"page","link":"https:\/\/www.geissbuehler-partner.ch\/en\/kontakt\/","title":{"rendered":"Contact"},"content":{"rendered":"<div data-elementor-type=\"wp-page\" data-elementor-id=\"28857\" class=\"elementor elementor-28857\" data-elementor-post-type=\"page\">\n\t\t\t\t\t\t<section class=\"elementor-section elementor-top-section elementor-element elementor-element-419c741 elementor-section-boxed elementor-section-height-default elementor-section-height-default\" data-id=\"419c741\" data-element_type=\"section\" data-settings=\"{&quot;background_background&quot;:&quot;classic&quot;,&quot;_ha_eqh_enable&quot;:false}\">\n\t\t\t\t\t\t\t<div class=\"elementor-background-overlay\"><\/div>\n\t\t\t\t\t\t\t<div class=\"elementor-container elementor-column-gap-default\">\n\t\t\t\t\t<div class=\"elementor-column elementor-col-100 elementor-top-column elementor-element elementor-element-8c0d37a\" data-id=\"8c0d37a\" data-element_type=\"column\">\n\t\t\t<div class=\"elementor-widget-wrap elementor-element-populated\">\n\t\t\t\t\t\t<div class=\"elementor-element elementor-element-4ba84a8 elementor-widget elementor-widget-heading\" data-id=\"4ba84a8\" data-element_type=\"widget\" data-widget_type=\"heading.default\">\n\t\t\t\t<div class=\"elementor-widget-container\">\n\t\t\t<h2 class=\"elementor-heading-title elementor-size-default\">Contact<\/h2>\t\t<\/div>\n\t\t\t\t<\/div>\n\t\t\t\t<div class=\"elementor-element elementor-element-eee2067 elementor-widget elementor-widget-heading\" data-id=\"eee2067\" data-element_type=\"widget\" data-widget_type=\"heading.default\">\n\t\t\t\t<div class=\"elementor-widget-container\">\n\t\t\t<h2 class=\"elementor-heading-title elementor-size-default\">We are here for you.<\/h2>\t\t<\/div>\n\t\t\t\t<\/div>\n\t\t\t\t<div class=\"elementor-element elementor-element-691b866 elementor-widget elementor-widget-text-editor\" data-id=\"691b866\" data-element_type=\"widget\" data-widget_type=\"text-editor.default\">\n\t\t\t\t<div class=\"elementor-widget-container\">\n\t\t\t\t\t\t\t<p>Please use the form below to contact us by e-mail or give us a call!\u00a0<\/p>\t\t\t\t\t\t<\/div>\n\t\t\t\t<\/div>\n\t\t\t\t<section class=\"elementor-section elementor-inner-section elementor-element elementor-element-c8bfdb7 elementor-section-full_width elementor-section-height-default elementor-section-height-default\" data-id=\"c8bfdb7\" data-element_type=\"section\" data-settings=\"{&quot;_ha_eqh_enable&quot;:false}\">\n\t\t\t\t\t\t<div class=\"elementor-container elementor-column-gap-default\">\n\t\t\t\t\t<div class=\"elementor-column elementor-col-33 elementor-inner-column elementor-element elementor-element-fc9d61d\" data-id=\"fc9d61d\" data-element_type=\"column\">\n\t\t\t<div class=\"elementor-widget-wrap elementor-element-populated\">\n\t\t\t\t\t\t<div class=\"elementor-element elementor-element-d660d57 eael-wpforms-labels-yes eael-wpforms-form-button-custom elementor-widget elementor-widget-eael-wpforms\" data-id=\"d660d57\" data-element_type=\"widget\" data-widget_type=\"eael-wpforms.default\">\n\t\t\t\t<div class=\"elementor-widget-container\">\n\t\t\t            <div class=\"eael-contact-form eael-wpforms eael-contact-form-align-default\">\n                                <div class=\"wpforms-container wpforms-container-full\" id=\"wpforms-28932\"><form id=\"wpforms-form-28932\" class=\"wpforms-validate wpforms-form wpforms-ajax-form\" data-formid=\"28932\" method=\"post\" enctype=\"multipart\/form-data\" action=\"\/en\/wp-json\/wp\/v2\/pages\/28857\" data-token=\"ec4c69a42292e5885632237ba0eb39bc\" data-token-time=\"1777817106\" data-trp-original-action=\"\/en\/wp-json\/wp\/v2\/pages\/28857\"><div class=\"wpforms-head-container\"><\/div><noscript class=\"wpforms-error-noscript\">Please enable JavaScript in your browser to complete this form.<\/noscript><div class=\"wpforms-field-container\"><div id=\"wpforms-28932-field_0-container\" class=\"wpforms-field wpforms-field-name wpforms-one-half wpforms-first\" data-field-id=\"0\"><label class=\"wpforms-field-label wpforms-label-hide\" for=\"wpforms-28932-field_0\">Name<\/label><input type=\"text\" id=\"wpforms-28932-field_0\" class=\"wpforms-field-medium\" name=\"wpforms[fields][0]\" placeholder=\"Name\" ><\/div><div id=\"wpforms-28932-field_4-container\" class=\"wpforms-field wpforms-field-name wpforms-one-half\" data-field-id=\"4\"><label class=\"wpforms-field-label wpforms-label-hide\" for=\"wpforms-28932-field_4\">Surname<\/label><input type=\"text\" id=\"wpforms-28932-field_4\" class=\"wpforms-field-medium\" name=\"wpforms[fields][4]\" placeholder=\"Surname\" ><\/div><div id=\"wpforms-28932-field_3-container\" class=\"wpforms-field wpforms-field-phone wpforms-one-half wpforms-first\" data-field-id=\"3\"><label class=\"wpforms-field-label wpforms-label-hide\" for=\"wpforms-28932-field_3\">Phone<\/label><input type=\"tel\" id=\"wpforms-28932-field_3\" class=\"wpforms-field-medium\" data-rule-int-phone-field=\"true\" name=\"wpforms[fields][3]\" placeholder=\"Phone\" ><\/div><div id=\"wpforms-28932-field_1-container\" class=\"wpforms-field wpforms-field-email wpforms-one-half\" data-field-id=\"1\"><label class=\"wpforms-field-label wpforms-label-hide\" for=\"wpforms-28932-field_1\">Email<\/label><input type=\"email\" id=\"wpforms-28932-field_1\" class=\"wpforms-field-medium\" name=\"wpforms[fields][1]\" placeholder=\"Email\" spellcheck=\"false\" ><\/div><div id=\"wpforms-28932-field_2-container\" class=\"wpforms-field wpforms-field-textarea\" data-field-id=\"2\"><label class=\"wpforms-field-label wpforms-label-hide\" for=\"wpforms-28932-field_2\">Message<\/label><textarea id=\"wpforms-28932-field_2\" class=\"wpforms-field-medium\" name=\"wpforms[fields][2]\" placeholder=\"Message\" ><\/textarea><\/div><\/div><!-- .wpforms-field-container --><div class=\"wpforms-recaptcha-container wpforms-is-recaptcha wpforms-is-recaptcha-type-v2\" ><div class=\"g-recaptcha\" data-sitekey=\"6LdSjV0oAAAAAACqL29X9-ejKHcKoxmsR60p07P1\"><\/div><input type=\"text\" name=\"g-recaptcha-hidden\" class=\"wpforms-recaptcha-hidden\" style=\"position:absolute!important;clip:rect(0,0,0,0)!important;height:1px!important;width:1px!important;border:0!important;overflow:hidden!important;padding:0!important;margin:0!important;\" data-rule-recaptcha=\"1\"><\/div><div class=\"wpforms-submit-container\" ><input type=\"hidden\" name=\"wpforms[id]\" value=\"28932\"><input type=\"hidden\" name=\"page_title\" value=\"\"><input type=\"hidden\" name=\"page_url\" value=\"https:\/\/www.geissbuehler-partner.ch\/en\/wp-json\/wp\/v2\/pages\/28857\"><button type=\"submit\" name=\"wpforms[submit]\" id=\"wpforms-submit-28932\" class=\"wpforms-submit\" data-alt-text=\"Senden...\" data-submit-text=\"Senden\" aria-live=\"assertive\" value=\"wpforms-submit\">Send<\/button><img decoding=\"async\" src=\"https:\/\/www.geissbuehler-partner.ch\/wp-content\/plugins\/wpforms\/assets\/images\/submit-spin.svg\" class=\"wpforms-submit-spinner\" style=\"display: none;\" width=\"26\" height=\"26\" alt=\"Loading\"><\/div><input type=\"hidden\" name=\"trp-form-language\" value=\"en\"\/><\/form><\/div>  <!-- .wpforms-container -->            <\/div>\n\t\t<\/div>\n\t\t\t\t<\/div>\n\t\t\t\t\t<\/div>\n\t\t<\/div>\n\t\t\t\t<div class=\"elementor-column elementor-col-33 elementor-inner-column elementor-element elementor-element-aaa1a75\" data-id=\"aaa1a75\" data-element_type=\"column\">\n\t\t\t<div class=\"elementor-widget-wrap elementor-element-populated\">\n\t\t\t\t\t\t<div class=\"elementor-element elementor-element-278d37d elementor-widget elementor-widget-heading\" data-id=\"278d37d\" data-element_type=\"widget\" data-widget_type=\"heading.default\">\n\t\t\t\t<div class=\"elementor-widget-container\">\n\t\t\t<h2 class=\"elementor-heading-title elementor-size-default\">Contact<\/h2>\t\t<\/div>\n\t\t\t\t<\/div>\n\t\t\t\t<div class=\"elementor-element elementor-element-f2536ba elementor-widget elementor-widget-text-editor\" data-id=\"f2536ba\" data-element_type=\"widget\" data-widget_type=\"text-editor.default\">\n\t\t\t\t<div class=\"elementor-widget-container\">\n\t\t\t\t\t\t\t<p><span style=\"color: #af8f62;\">Phone:<\/span><br \/><span style=\"color: #af8f62;\"><a style=\"color: #af8f62;\" href=\"tel:0442100370\">+41 44 210 03 70<\/a><\/span><\/p><p><span style=\"color: #af8f62;\">E-Mail:<\/span><br \/><span style=\"color: #af8f62;\"><a style=\"color: #af8f62;\" href=\"mailto:info@geissbuehler-partner.ch\">info@geissbuehler-partner.ch<\/a><\/span><\/p>\t\t\t\t\t\t<\/div>\n\t\t\t\t<\/div>\n\t\t\t\t\t<\/div>\n\t\t<\/div>\n\t\t\t\t<div class=\"elementor-column elementor-col-33 elementor-inner-column elementor-element elementor-element-c4ea358\" data-id=\"c4ea358\" data-element_type=\"column\">\n\t\t\t<div class=\"elementor-widget-wrap elementor-element-populated\">\n\t\t\t\t\t\t<div class=\"elementor-element elementor-element-def3a5b elementor-widget elementor-widget-heading\" data-id=\"def3a5b\" data-element_type=\"widget\" data-widget_type=\"heading.default\">\n\t\t\t\t<div class=\"elementor-widget-container\">\n\t\t\t<h2 class=\"elementor-heading-title elementor-size-default\">Location<\/h2>\t\t<\/div>\n\t\t\t\t<\/div>\n\t\t\t\t<div class=\"elementor-element elementor-element-f766e2b elementor-widget elementor-widget-text-editor\" data-id=\"f766e2b\" data-element_type=\"widget\" data-widget_type=\"text-editor.default\">\n\t\t\t\t<div class=\"elementor-widget-container\">\n\t\t\t\t\t\t\t<p>M\u00fcnsterhof 18<br \/>8001 Z\u00fcrich<\/p>\t\t\t\t\t\t<\/div>\n\t\t\t\t<\/div>\n\t\t\t\t<div class=\"elementor-element elementor-element-55d362a elementor-widget elementor-widget-heading\" data-id=\"55d362a\" data-element_type=\"widget\" data-widget_type=\"heading.default\">\n\t\t\t\t<div class=\"elementor-widget-container\">\n\t\t\t<h2 class=\"elementor-heading-title elementor-size-default\">Postal address<\/h2>\t\t<\/div>\n\t\t\t\t<\/div>\n\t\t\t\t<div class=\"elementor-element elementor-element-1f6e828 elementor-widget elementor-widget-text-editor\" data-id=\"1f6e828\" data-element_type=\"widget\" data-widget_type=\"text-editor.default\">\n\t\t\t\t<div class=\"elementor-widget-container\">\n\t\t\t\t\t\t\t<p>M\u00fcnsterhof 18<br \/>Postfach<br \/>8027 Z\u00fcrich\u00a0<\/p>\t\t\t\t\t\t<\/div>\n\t\t\t\t<\/div>\n\t\t\t\t\t<\/div>\n\t\t<\/div>\n\t\t\t\t\t<\/div>\n\t\t<\/section>\n\t\t\t\t\t<\/div>\n\t\t<\/div>\n\t\t\t\t\t<\/div>\n\t\t<\/section>\n\t\t\t\t<section class=\"elementor-section elementor-top-section elementor-element elementor-element-a5a8d0a elementor-section-full_width elementor-section-height-default elementor-section-height-default\" data-id=\"a5a8d0a\" data-element_type=\"section\" data-settings=\"{&quot;_ha_eqh_enable&quot;:false}\">\n\t\t\t\t\t\t<div class=\"elementor-container elementor-column-gap-default\">\n\t\t\t\t\t<div class=\"elementor-column elementor-col-100 elementor-top-column elementor-element elementor-element-f4e6c97\" data-id=\"f4e6c97\" data-element_type=\"column\">\n\t\t\t<div class=\"elementor-widget-wrap elementor-element-populated\">\n\t\t\t\t\t\t<div class=\"elementor-element elementor-element-6886a25 elementor-widget elementor-widget-google_maps\" data-id=\"6886a25\" data-element_type=\"widget\" data-widget_type=\"google_maps.default\">\n\t\t\t\t<div class=\"elementor-widget-container\">\n\t\t\t\t\t<div class=\"elementor-custom-embed\">\n\t\t\t<iframe loading=\"lazy\"\n\t\t\t\t\tsrc=\"https:\/\/maps.google.com\/maps?q=M%C3%BCnsterhof%2018%2C%208001%20Z%C3%BCrich&#038;t=m&#038;z=10&#038;output=embed&#038;iwloc=near\"\n\t\t\t\t\ttitle=\"M\u00fcnsterhof 18, 8001 Z\u00fcrich\"\n\t\t\t\t\taria-label=\"M\u00fcnsterhof 18, 8001 Z\u00fcrich\"\n\t\t\t><\/iframe>\n\t\t<\/div>\n\t\t\t\t<\/div>\n\t\t\t\t<\/div>\n\t\t\t\t\t<\/div>\n\t\t<\/div>\n\t\t\t\t\t<\/div>\n\t\t<\/section>\n\t\t\t\t<\/div>","protected":false},"excerpt":{"rendered":"<p>Kontakt Wir sind f\u00fcr Sie da. Verwenden Sie untenstehendes Formular, um uns per E-Mail zu kontaktieren oder rufen Sie uns an! Bitte aktivieren Sie JavaScript in Ihrem Browser, um dieses Formular fertigzustellen.NameVornameTelefonE-MailNachricht Senden Kontakt Telefon: +41 44 210 03 70 E-Mail: info@geissbuehler-partner.ch Standort M\u00fcnsterhof 18 8001 Z\u00fcrich Postadresse M\u00fcnsterhof 18 Postfach 8027 Z\u00fcrich<\/p>","protected":false},"author":2,"featured_media":32250,"parent":0,"menu_order":6,"comment_status":"closed","ping_status":"closed","template":"elementor_header_footer","meta":{"footnotes":""},"yoast_head":"<!-- This site is optimized with the Yoast SEO plugin v22.7 - https:\/\/yoast.com\/wordpress\/plugins\/seo\/ -->\n<title>Kontakt - Paul Geissb\u00fchler + Partner AG<\/title>\n<meta name=\"description\" content=\"Wir sind f\u00fcr Sie da. Verwenden Sie untenstehendes Formular, um uns per E-Mail zu kontaktieren oder rufen Sie uns an!\" \/>\n<meta name=\"robots\" content=\"index, follow, max-snippet:-1, max-image-preview:large, max-video-preview:-1\" \/>\n<link rel=\"canonical\" href=\"https:\/\/www.geissbuehler-partner.ch\/en\/kontakt\/\" \/>\n<meta property=\"og:locale\" content=\"en_US\" \/>\n<meta property=\"og:type\" content=\"article\" \/>\n<meta property=\"og:title\" content=\"Kontakt - Paul Geissb\u00fchler + Partner AG\" \/>\n<meta property=\"og:description\" content=\"Wir sind f\u00fcr Sie da. Verwenden Sie untenstehendes Formular, um uns per E-Mail zu kontaktieren oder rufen Sie uns an!\" \/>\n<meta property=\"og:url\" content=\"https:\/\/www.geissbuehler-partner.ch\/en\/kontakt\/\" \/>\n<meta property=\"og:site_name\" content=\"Paul Geissb\u00fchler + Partner AG\" \/>\n<meta property=\"article:modified_time\" content=\"2023-10-27T11:16:41+00:00\" \/>\n<meta property=\"og:image\" content=\"https:\/\/www.geissbuehler-partner.ch\/wp-content\/uploads\/2023\/04\/site.jpg\" \/>\n\t<meta property=\"og:image:width\" content=\"1024\" \/>\n\t<meta property=\"og:image:height\" content=\"1024\" \/>\n\t<meta property=\"og:image:type\" content=\"image\/jpeg\" \/>\n<meta name=\"twitter:card\" content=\"summary_large_image\" \/>\n<meta name=\"twitter:label1\" content=\"Est. reading time\" \/>\n\t<meta name=\"twitter:data1\" content=\"1 minute\" \/>\n<script type=\"application\/ld+json\" class=\"yoast-schema-graph\">{\"@context\":\"https:\/\/schema.org\",\"@graph\":[{\"@type\":\"WebPage\",\"@id\":\"https:\/\/www.geissbuehler-partner.ch\/kontakt\/\",\"url\":\"https:\/\/www.geissbuehler-partner.ch\/kontakt\/\",\"name\":\"Kontakt - Paul Geissb\u00fchler + Partner AG\",\"isPartOf\":{\"@id\":\"https:\/\/www.geissbuehler-partner.ch\/#website\"},\"primaryImageOfPage\":{\"@id\":\"https:\/\/www.geissbuehler-partner.ch\/kontakt\/#primaryimage\"},\"image\":{\"@id\":\"https:\/\/www.geissbuehler-partner.ch\/kontakt\/#primaryimage\"},\"thumbnailUrl\":\"https:\/\/www.geissbuehler-partner.ch\/wp-content\/uploads\/2023\/04\/site.jpg\",\"datePublished\":\"2020-10-14T12:16:35+00:00\",\"dateModified\":\"2023-10-27T11:16:41+00:00\",\"description\":\"Wir sind f\u00fcr Sie da. Verwenden Sie untenstehendes Formular, um uns per E-Mail zu kontaktieren oder rufen Sie uns an!\",\"breadcrumb\":{\"@id\":\"https:\/\/www.geissbuehler-partner.ch\/kontakt\/#breadcrumb\"},\"inLanguage\":\"en-US\",\"potentialAction\":[{\"@type\":\"ReadAction\",\"target\":[\"https:\/\/www.geissbuehler-partner.ch\/kontakt\/\"]}]},{\"@type\":\"ImageObject\",\"inLanguage\":\"en-US\",\"@id\":\"https:\/\/www.geissbuehler-partner.ch\/kontakt\/#primaryimage\",\"url\":\"https:\/\/www.geissbuehler-partner.ch\/wp-content\/uploads\/2023\/04\/site.jpg\",\"contentUrl\":\"https:\/\/www.geissbuehler-partner.ch\/wp-content\/uploads\/2023\/04\/site.jpg\",\"width\":1024,\"height\":1024,\"caption\":\"Verm\u00f6gensverwaltung in Z\u00fcrich\"},{\"@type\":\"BreadcrumbList\",\"@id\":\"https:\/\/www.geissbuehler-partner.ch\/kontakt\/#breadcrumb\",\"itemListElement\":[{\"@type\":\"ListItem\",\"position\":1,\"name\":\"Home\",\"item\":\"https:\/\/www.geissbuehler-partner.ch\/\"},{\"@type\":\"ListItem\",\"position\":2,\"name\":\"Kontakt\"}]},{\"@type\":\"WebSite\",\"@id\":\"https:\/\/www.geissbuehler-partner.ch\/#website\",\"url\":\"https:\/\/www.geissbuehler-partner.ch\/\",\"name\":\"Paul Geissb\u00fchler + Partner AG\",\"description\":\"\",\"publisher\":{\"@id\":\"https:\/\/www.geissbuehler-partner.ch\/#organization\"},\"inLanguage\":\"en-US\"},{\"@type\":\"Organization\",\"@id\":\"https:\/\/www.geissbuehler-partner.ch\/#organization\",\"name\":\"Paul Geissb\u00fchler + Partner AG\",\"url\":\"https:\/\/www.geissbuehler-partner.ch\/\",\"logo\":{\"@type\":\"ImageObject\",\"inLanguage\":\"en-US\",\"@id\":\"https:\/\/www.geissbuehler-partner.ch\/#\/schema\/logo\/image\/\",\"url\":\"http:\/\/geissbuehler-partner.ch\/wp-content\/uploads\/2023\/03\/cropped-Site.jpg\",\"contentUrl\":\"http:\/\/geissbuehler-partner.ch\/wp-content\/uploads\/2023\/03\/cropped-Site.jpg\",\"width\":512,\"height\":512,\"caption\":\"Paul Geissb\u00fchler + Partner AG\"},\"image\":{\"@id\":\"https:\/\/www.geissbuehler-partner.ch\/#\/schema\/logo\/image\/\"}}]}<\/script>\n<!-- \/ Yoast SEO plugin. -->","yoast_head_json":{"title":"Kontakt - Paul Geissb\u00fchler + Partner AG","description":"Wir sind f\u00fcr Sie da. Verwenden Sie untenstehendes Formular, um uns per E-Mail zu kontaktieren oder rufen Sie uns an!","robots":{"index":"index","follow":"follow","max-snippet":"max-snippet:-1","max-image-preview":"max-image-preview:large","max-video-preview":"max-video-preview:-1"},"canonical":"https:\/\/www.geissbuehler-partner.ch\/en\/kontakt\/","og_locale":"en_US","og_type":"article","og_title":"Kontakt - Paul Geissb\u00fchler + Partner AG","og_description":"Wir sind f\u00fcr Sie da. Verwenden Sie untenstehendes Formular, um uns per E-Mail zu kontaktieren oder rufen Sie uns an!","og_url":"https:\/\/www.geissbuehler-partner.ch\/en\/kontakt\/","og_site_name":"Paul Geissb\u00fchler + Partner AG","article_modified_time":"2023-10-27T11:16:41+00:00","og_image":[{"width":1024,"height":1024,"url":"https:\/\/www.geissbuehler-partner.ch\/wp-content\/uploads\/2023\/04\/site.jpg","type":"image\/jpeg"}],"twitter_card":"summary_large_image","twitter_misc":{"Est. reading time":"1 minute"},"schema":{"@context":"https:\/\/schema.org","@graph":[{"@type":"WebPage","@id":"https:\/\/www.geissbuehler-partner.ch\/kontakt\/","url":"https:\/\/www.geissbuehler-partner.ch\/kontakt\/","name":"Kontakt - Paul Geissb\u00fchler + Partner AG","isPartOf":{"@id":"https:\/\/www.geissbuehler-partner.ch\/#website"},"primaryImageOfPage":{"@id":"https:\/\/www.geissbuehler-partner.ch\/kontakt\/#primaryimage"},"image":{"@id":"https:\/\/www.geissbuehler-partner.ch\/kontakt\/#primaryimage"},"thumbnailUrl":"https:\/\/www.geissbuehler-partner.ch\/wp-content\/uploads\/2023\/04\/site.jpg","datePublished":"2020-10-14T12:16:35+00:00","dateModified":"2023-10-27T11:16:41+00:00","description":"Wir sind f\u00fcr Sie da. Verwenden Sie untenstehendes Formular, um uns per E-Mail zu kontaktieren oder rufen Sie uns an!","breadcrumb":{"@id":"https:\/\/www.geissbuehler-partner.ch\/kontakt\/#breadcrumb"},"inLanguage":"en-US","potentialAction":[{"@type":"ReadAction","target":["https:\/\/www.geissbuehler-partner.ch\/kontakt\/"]}]},{"@type":"ImageObject","inLanguage":"en-US","@id":"https:\/\/www.geissbuehler-partner.ch\/kontakt\/#primaryimage","url":"https:\/\/www.geissbuehler-partner.ch\/wp-content\/uploads\/2023\/04\/site.jpg","contentUrl":"https:\/\/www.geissbuehler-partner.ch\/wp-content\/uploads\/2023\/04\/site.jpg","width":1024,"height":1024,"caption":"Verm\u00f6gensverwaltung in Z\u00fcrich"},{"@type":"BreadcrumbList","@id":"https:\/\/www.geissbuehler-partner.ch\/kontakt\/#breadcrumb","itemListElement":[{"@type":"ListItem","position":1,"name":"Home","item":"https:\/\/www.geissbuehler-partner.ch\/"},{"@type":"ListItem","position":2,"name":"Kontakt"}]},{"@type":"WebSite","@id":"https:\/\/www.geissbuehler-partner.ch\/#website","url":"https:\/\/www.geissbuehler-partner.ch\/","name":"Paul Geissb\u00fchler + Partner AG","description":"","publisher":{"@id":"https:\/\/www.geissbuehler-partner.ch\/#organization"},"inLanguage":"en-US"},{"@type":"Organization","@id":"https:\/\/www.geissbuehler-partner.ch\/#organization","name":"Paul Geissb\u00fchler + Partner AG","url":"https:\/\/www.geissbuehler-partner.ch\/","logo":{"@type":"ImageObject","inLanguage":"en-US","@id":"https:\/\/www.geissbuehler-partner.ch\/#\/schema\/logo\/image\/","url":"http:\/\/geissbuehler-partner.ch\/wp-content\/uploads\/2023\/03\/cropped-Site.jpg","contentUrl":"http:\/\/geissbuehler-partner.ch\/wp-content\/uploads\/2023\/03\/cropped-Site.jpg","width":512,"height":512,"caption":"Paul Geissb\u00fchler + Partner AG"},"image":{"@id":"https:\/\/www.geissbuehler-partner.ch\/#\/schema\/logo\/image\/"}}]}},"_links":{"self":[{"href":"https:\/\/www.geissbuehler-partner.ch\/en\/wp-json\/wp\/v2\/pages\/28857"}],"collection":[{"href":"https:\/\/www.geissbuehler-partner.ch\/en\/wp-json\/wp\/v2\/pages"}],"about":[{"href":"https:\/\/www.geissbuehler-partner.ch\/en\/wp-json\/wp\/v2\/types\/page"}],"author":[{"embeddable":true,"href":"https:\/\/www.geissbuehler-partner.ch\/en\/wp-json\/wp\/v2\/users\/2"}],"replies":[{"embeddable":true,"href":"https:\/\/www.geissbuehler-partner.ch\/en\/wp-json\/wp\/v2\/comments?post=28857"}],"version-history":[{"count":437,"href":"https:\/\/www.geissbuehler-partner.ch\/en\/wp-json\/wp\/v2\/pages\/28857\/revisions"}],"predecessor-version":[{"id":33311,"href":"https:\/\/www.geissbuehler-partner.ch\/en\/wp-json\/wp\/v2\/pages\/28857\/revisions\/33311"}],"wp:featuredmedia":[{"embeddable":true,"href":"https:\/\/www.geissbuehler-partner.ch\/en\/wp-json\/wp\/v2\/media\/32250"}],"wp:attachment":[{"href":"https:\/\/www.geissbuehler-partner.ch\/en\/wp-json\/wp\/v2\/media?parent=28857"}],"curies":[{"name":"wp","href":"https:\/\/api.w.org\/{rel}","templated":true}]}}