{"id":28870,"date":"2020-10-14T14:29:28","date_gmt":"2020-10-14T12:29:28","guid":{"rendered":"https:\/\/bw201.brentex-webproject.ch\/?page_id=28870"},"modified":"2025-02-03T15:47:59","modified_gmt":"2025-02-03T14:47:59","slug":"impressum","status":"publish","type":"page","link":"https:\/\/www.geissbuehler-partner.ch\/en\/impressum\/","title":{"rendered":"Legal"},"content":{"rendered":"<div data-elementor-type=\"wp-page\" data-elementor-id=\"28870\" class=\"elementor elementor-28870\" data-elementor-post-type=\"page\">\n\t\t\t\t\t\t<section class=\"elementor-section elementor-top-section elementor-element elementor-element-d3f67a6 elementor-section-boxed elementor-section-height-default elementor-section-height-default\" data-id=\"d3f67a6\" data-element_type=\"section\" data-settings=\"{&quot;_ha_eqh_enable&quot;:false}\">\n\t\t\t\t\t\t<div class=\"elementor-container elementor-column-gap-default\">\n\t\t\t\t\t<div class=\"elementor-column elementor-col-100 elementor-top-column elementor-element elementor-element-a4ba0a3\" data-id=\"a4ba0a3\" data-element_type=\"column\">\n\t\t\t<div class=\"elementor-widget-wrap elementor-element-populated\">\n\t\t\t\t\t\t<div class=\"elementor-element elementor-element-c001b56 elementor-widget elementor-widget-heading\" data-id=\"c001b56\" data-element_type=\"widget\" data-widget_type=\"heading.default\">\n\t\t\t\t<div class=\"elementor-widget-container\">\n\t\t\t<h1 class=\"elementor-heading-title elementor-size-default\">Legal<\/h1>\t\t<\/div>\n\t\t\t\t<\/div>\n\t\t\t\t<div class=\"elementor-element elementor-element-d94023f elementor-widget elementor-widget-heading\" data-id=\"d94023f\" data-element_type=\"widget\" data-widget_type=\"heading.default\">\n\t\t\t\t<div class=\"elementor-widget-container\">\n\t\t\t<h3 class=\"elementor-heading-title elementor-size-default\">Website owner<\/h3>\t\t<\/div>\n\t\t\t\t<\/div>\n\t\t\t\t<div class=\"elementor-element elementor-element-9841214 elementor-widget elementor-widget-text-editor\" data-id=\"9841214\" data-element_type=\"widget\" data-widget_type=\"text-editor.default\">\n\t\t\t\t<div class=\"elementor-widget-container\">\n\t\t\t\t\t\t\t<p><strong>Paul Geissb\u00fchler + Partner Ltd<\/strong><br \/>M\u00fcnsterhof 18<br \/>8001 Z\u00fcrich<\/p><p><strong>Postal address<\/strong><br \/>M\u00fcnsterhof 18<br \/>Postfach<br \/>8027 Z\u00fcrich\u00a0<\/p>\t\t\t\t\t\t<\/div>\n\t\t\t\t<\/div>\n\t\t\t\t<div class=\"elementor-element elementor-element-d988c82 elementor-widget elementor-widget-text-editor\" data-id=\"d988c82\" data-element_type=\"widget\" data-widget_type=\"text-editor.default\">\n\t\t\t\t<div class=\"elementor-widget-container\">\n\t\t\t\t\t\t\t<p>Phone: <span style=\"color: #011032;\"><a style=\"color: #011032;\" href=\"tel:0442100370\">+41 44 210 03 70<\/a><\/span><\/p><p>E-Mail:<span style=\"color: #011032;\"> <a style=\"color: #011032;\" href=\"mailto:info@geissbuehler-partner.ch\">info@geissbuehler-partner.ch<\/a><\/span><\/p><p>CHE 107.492.337<\/p>\t\t\t\t\t\t<\/div>\n\t\t\t\t<\/div>\n\t\t\t\t<div class=\"elementor-element elementor-element-1cec48b elementor-widget elementor-widget-heading\" data-id=\"1cec48b\" data-element_type=\"widget\" data-widget_type=\"heading.default\">\n\t\t\t\t<div class=\"elementor-widget-container\">\n\t\t\t<h3 class=\"elementor-heading-title elementor-size-default\">Webdesign<\/h3>\t\t<\/div>\n\t\t\t\t<\/div>\n\t\t\t\t<div class=\"elementor-element elementor-element-09577ad elementor-widget elementor-widget-text-editor\" data-id=\"09577ad\" data-element_type=\"widget\" data-widget_type=\"text-editor.default\">\n\t\t\t\t<div class=\"elementor-widget-container\">\n\t\t\t\t\t\t\t<p>This website was created by<span style=\"color: #000000;\">\u00a0<\/span><span style=\"color: #011032;\"><strong><a style=\"color: #011032;\" href=\"https:\/\/brentex.ch\/\" target=\"_blank\" rel=\"noopener\">Brentex AG<\/a>\u00a0<\/strong><\/span>.<\/p>\t\t\t\t\t\t<\/div>\n\t\t\t\t<\/div>\n\t\t\t\t<div class=\"elementor-element elementor-element-cf17afa elementor-widget elementor-widget-heading\" data-id=\"cf17afa\" data-element_type=\"widget\" data-widget_type=\"heading.default\">\n\t\t\t\t<div class=\"elementor-widget-container\">\n\t\t\t<h3 class=\"elementor-heading-title elementor-size-default\">Copyright<\/h3>\t\t<\/div>\n\t\t\t\t<\/div>\n\t\t\t\t<div class=\"elementor-element elementor-element-3c7583a elementor-widget elementor-widget-text-editor\" data-id=\"3c7583a\" data-element_type=\"widget\" data-widget_type=\"text-editor.default\">\n\t\t\t\t<div class=\"elementor-widget-container\">\n\t\t\t\t\t\t\t<p>The content of this website is subject to the copyright of <strong>Paul Geissb\u00fchler + Partner Ltd<\/strong>.\u00a0<\/p>\t\t\t\t\t\t<\/div>\n\t\t\t\t<\/div>\n\t\t\t\t\t<\/div>\n\t\t<\/div>\n\t\t\t\t\t<\/div>\n\t\t<\/section>\n\t\t\t\t<\/div>","protected":false},"excerpt":{"rendered":"<p>Impressum Inhaber der Webseite Paul Geissb\u00fchler + Partner AGM\u00fcnsterhof 188001 Z\u00fcrich PostadresseM\u00fcnsterhof 18Postfach8027 Z\u00fcrich\u00a0 Telefon: +41 44 210 03 70 E-Mail: info@geissbuehler-partner.ch CHE 107.492.337 Webdesign Diese Webseite wurde durch die\u00a0Brentex AG\u00a0erstellt. Copyright Die Inhalte dieser Webseite unterliegen dem Copyright der Paul Geissb\u00fchler + Partner AG.\u00a0<\/p>","protected":false},"author":2,"featured_media":32250,"parent":0,"menu_order":8,"comment_status":"closed","ping_status":"closed","template":"elementor_header_footer","meta":{"footnotes":""},"yoast_head":"<!-- This site is optimized with the Yoast SEO plugin v22.7 - https:\/\/yoast.com\/wordpress\/plugins\/seo\/ -->\n<title>Impressum - Paul Geissb\u00fchler + Partner AG<\/title>\n<meta name=\"description\" content=\"Die Inhalte dieser Webseite unterliegen dem Copyright der Paul Geissb\u00fchler + Partner AG.\" \/>\n<meta name=\"robots\" content=\"index, follow, max-snippet:-1, max-image-preview:large, max-video-preview:-1\" \/>\n<link rel=\"canonical\" href=\"https:\/\/www.geissbuehler-partner.ch\/en\/impressum\/\" \/>\n<meta property=\"og:locale\" content=\"en_US\" \/>\n<meta property=\"og:type\" content=\"article\" \/>\n<meta property=\"og:title\" content=\"Impressum - Paul Geissb\u00fchler + Partner AG\" \/>\n<meta property=\"og:description\" content=\"Die Inhalte dieser Webseite unterliegen dem Copyright der Paul Geissb\u00fchler + Partner AG.\" \/>\n<meta property=\"og:url\" content=\"https:\/\/www.geissbuehler-partner.ch\/en\/impressum\/\" \/>\n<meta property=\"og:site_name\" content=\"Paul Geissb\u00fchler + Partner AG\" \/>\n<meta property=\"article:modified_time\" content=\"2025-02-03T14:47:59+00:00\" \/>\n<meta property=\"og:image\" content=\"https:\/\/www.geissbuehler-partner.ch\/wp-content\/uploads\/2023\/04\/site.jpg\" \/>\n\t<meta property=\"og:image:width\" content=\"1024\" \/>\n\t<meta property=\"og:image:height\" content=\"1024\" \/>\n\t<meta property=\"og:image:type\" content=\"image\/jpeg\" \/>\n<meta name=\"twitter:card\" content=\"summary_large_image\" \/>\n<meta name=\"twitter:label1\" content=\"Est. reading time\" \/>\n\t<meta name=\"twitter:data1\" content=\"1 minute\" \/>\n<script type=\"application\/ld+json\" class=\"yoast-schema-graph\">{\"@context\":\"https:\/\/schema.org\",\"@graph\":[{\"@type\":\"WebPage\",\"@id\":\"https:\/\/www.geissbuehler-partner.ch\/impressum\/\",\"url\":\"https:\/\/www.geissbuehler-partner.ch\/impressum\/\",\"name\":\"Impressum - Paul Geissb\u00fchler + Partner AG\",\"isPartOf\":{\"@id\":\"https:\/\/www.geissbuehler-partner.ch\/#website\"},\"primaryImageOfPage\":{\"@id\":\"https:\/\/www.geissbuehler-partner.ch\/impressum\/#primaryimage\"},\"image\":{\"@id\":\"https:\/\/www.geissbuehler-partner.ch\/impressum\/#primaryimage\"},\"thumbnailUrl\":\"https:\/\/www.geissbuehler-partner.ch\/wp-content\/uploads\/2023\/04\/site.jpg\",\"datePublished\":\"2020-10-14T12:29:28+00:00\",\"dateModified\":\"2025-02-03T14:47:59+00:00\",\"description\":\"Die Inhalte dieser Webseite unterliegen dem Copyright der Paul Geissb\u00fchler + Partner AG.\",\"breadcrumb\":{\"@id\":\"https:\/\/www.geissbuehler-partner.ch\/impressum\/#breadcrumb\"},\"inLanguage\":\"en-US\",\"potentialAction\":[{\"@type\":\"ReadAction\",\"target\":[\"https:\/\/www.geissbuehler-partner.ch\/impressum\/\"]}]},{\"@type\":\"ImageObject\",\"inLanguage\":\"en-US\",\"@id\":\"https:\/\/www.geissbuehler-partner.ch\/impressum\/#primaryimage\",\"url\":\"https:\/\/www.geissbuehler-partner.ch\/wp-content\/uploads\/2023\/04\/site.jpg\",\"contentUrl\":\"https:\/\/www.geissbuehler-partner.ch\/wp-content\/uploads\/2023\/04\/site.jpg\",\"width\":1024,\"height\":1024,\"caption\":\"Verm\u00f6gensverwaltung in Z\u00fcrich\"},{\"@type\":\"BreadcrumbList\",\"@id\":\"https:\/\/www.geissbuehler-partner.ch\/impressum\/#breadcrumb\",\"itemListElement\":[{\"@type\":\"ListItem\",\"position\":1,\"name\":\"Home\",\"item\":\"https:\/\/www.geissbuehler-partner.ch\/\"},{\"@type\":\"ListItem\",\"position\":2,\"name\":\"Impressum\"}]},{\"@type\":\"WebSite\",\"@id\":\"https:\/\/www.geissbuehler-partner.ch\/#website\",\"url\":\"https:\/\/www.geissbuehler-partner.ch\/\",\"name\":\"Paul Geissb\u00fchler + Partner AG\",\"description\":\"\",\"publisher\":{\"@id\":\"https:\/\/www.geissbuehler-partner.ch\/#organization\"},\"inLanguage\":\"en-US\"},{\"@type\":\"Organization\",\"@id\":\"https:\/\/www.geissbuehler-partner.ch\/#organization\",\"name\":\"Paul Geissb\u00fchler + Partner AG\",\"url\":\"https:\/\/www.geissbuehler-partner.ch\/\",\"logo\":{\"@type\":\"ImageObject\",\"inLanguage\":\"en-US\",\"@id\":\"https:\/\/www.geissbuehler-partner.ch\/#\/schema\/logo\/image\/\",\"url\":\"http:\/\/geissbuehler-partner.ch\/wp-content\/uploads\/2023\/03\/cropped-Site.jpg\",\"contentUrl\":\"http:\/\/geissbuehler-partner.ch\/wp-content\/uploads\/2023\/03\/cropped-Site.jpg\",\"width\":512,\"height\":512,\"caption\":\"Paul Geissb\u00fchler + Partner AG\"},\"image\":{\"@id\":\"https:\/\/www.geissbuehler-partner.ch\/#\/schema\/logo\/image\/\"}}]}<\/script>\n<!-- \/ Yoast SEO plugin. -->","yoast_head_json":{"title":"Impressum - Paul Geissb\u00fchler + Partner AG","description":"Die Inhalte dieser Webseite unterliegen dem Copyright der Paul Geissb\u00fchler + Partner AG.","robots":{"index":"index","follow":"follow","max-snippet":"max-snippet:-1","max-image-preview":"max-image-preview:large","max-video-preview":"max-video-preview:-1"},"canonical":"https:\/\/www.geissbuehler-partner.ch\/en\/impressum\/","og_locale":"en_US","og_type":"article","og_title":"Impressum - Paul Geissb\u00fchler + Partner AG","og_description":"Die Inhalte dieser Webseite unterliegen dem Copyright der Paul Geissb\u00fchler + Partner AG.","og_url":"https:\/\/www.geissbuehler-partner.ch\/en\/impressum\/","og_site_name":"Paul Geissb\u00fchler + Partner AG","article_modified_time":"2025-02-03T14:47:59+00:00","og_image":[{"width":1024,"height":1024,"url":"https:\/\/www.geissbuehler-partner.ch\/wp-content\/uploads\/2023\/04\/site.jpg","type":"image\/jpeg"}],"twitter_card":"summary_large_image","twitter_misc":{"Est. reading time":"1 minute"},"schema":{"@context":"https:\/\/schema.org","@graph":[{"@type":"WebPage","@id":"https:\/\/www.geissbuehler-partner.ch\/impressum\/","url":"https:\/\/www.geissbuehler-partner.ch\/impressum\/","name":"Impressum - Paul Geissb\u00fchler + Partner AG","isPartOf":{"@id":"https:\/\/www.geissbuehler-partner.ch\/#website"},"primaryImageOfPage":{"@id":"https:\/\/www.geissbuehler-partner.ch\/impressum\/#primaryimage"},"image":{"@id":"https:\/\/www.geissbuehler-partner.ch\/impressum\/#primaryimage"},"thumbnailUrl":"https:\/\/www.geissbuehler-partner.ch\/wp-content\/uploads\/2023\/04\/site.jpg","datePublished":"2020-10-14T12:29:28+00:00","dateModified":"2025-02-03T14:47:59+00:00","description":"Die Inhalte dieser Webseite unterliegen dem Copyright der Paul Geissb\u00fchler + Partner AG.","breadcrumb":{"@id":"https:\/\/www.geissbuehler-partner.ch\/impressum\/#breadcrumb"},"inLanguage":"en-US","potentialAction":[{"@type":"ReadAction","target":["https:\/\/www.geissbuehler-partner.ch\/impressum\/"]}]},{"@type":"ImageObject","inLanguage":"en-US","@id":"https:\/\/www.geissbuehler-partner.ch\/impressum\/#primaryimage","url":"https:\/\/www.geissbuehler-partner.ch\/wp-content\/uploads\/2023\/04\/site.jpg","contentUrl":"https:\/\/www.geissbuehler-partner.ch\/wp-content\/uploads\/2023\/04\/site.jpg","width":1024,"height":1024,"caption":"Verm\u00f6gensverwaltung in Z\u00fcrich"},{"@type":"BreadcrumbList","@id":"https:\/\/www.geissbuehler-partner.ch\/impressum\/#breadcrumb","itemListElement":[{"@type":"ListItem","position":1,"name":"Home","item":"https:\/\/www.geissbuehler-partner.ch\/"},{"@type":"ListItem","position":2,"name":"Impressum"}]},{"@type":"WebSite","@id":"https:\/\/www.geissbuehler-partner.ch\/#website","url":"https:\/\/www.geissbuehler-partner.ch\/","name":"Paul Geissb\u00fchler + Partner AG","description":"","publisher":{"@id":"https:\/\/www.geissbuehler-partner.ch\/#organization"},"inLanguage":"en-US"},{"@type":"Organization","@id":"https:\/\/www.geissbuehler-partner.ch\/#organization","name":"Paul Geissb\u00fchler + Partner AG","url":"https:\/\/www.geissbuehler-partner.ch\/","logo":{"@type":"ImageObject","inLanguage":"en-US","@id":"https:\/\/www.geissbuehler-partner.ch\/#\/schema\/logo\/image\/","url":"http:\/\/geissbuehler-partner.ch\/wp-content\/uploads\/2023\/03\/cropped-Site.jpg","contentUrl":"http:\/\/geissbuehler-partner.ch\/wp-content\/uploads\/2023\/03\/cropped-Site.jpg","width":512,"height":512,"caption":"Paul Geissb\u00fchler + Partner AG"},"image":{"@id":"https:\/\/www.geissbuehler-partner.ch\/#\/schema\/logo\/image\/"}}]}},"_links":{"self":[{"href":"https:\/\/www.geissbuehler-partner.ch\/en\/wp-json\/wp\/v2\/pages\/28870"}],"collection":[{"href":"https:\/\/www.geissbuehler-partner.ch\/en\/wp-json\/wp\/v2\/pages"}],"about":[{"href":"https:\/\/www.geissbuehler-partner.ch\/en\/wp-json\/wp\/v2\/types\/page"}],"author":[{"embeddable":true,"href":"https:\/\/www.geissbuehler-partner.ch\/en\/wp-json\/wp\/v2\/users\/2"}],"replies":[{"embeddable":true,"href":"https:\/\/www.geissbuehler-partner.ch\/en\/wp-json\/wp\/v2\/comments?post=28870"}],"version-history":[{"count":68,"href":"https:\/\/www.geissbuehler-partner.ch\/en\/wp-json\/wp\/v2\/pages\/28870\/revisions"}],"predecessor-version":[{"id":33389,"href":"https:\/\/www.geissbuehler-partner.ch\/en\/wp-json\/wp\/v2\/pages\/28870\/revisions\/33389"}],"wp:featuredmedia":[{"embeddable":true,"href":"https:\/\/www.geissbuehler-partner.ch\/en\/wp-json\/wp\/v2\/media\/32250"}],"wp:attachment":[{"href":"https:\/\/www.geissbuehler-partner.ch\/en\/wp-json\/wp\/v2\/media?parent=28870"}],"curies":[{"name":"wp","href":"https:\/\/api.w.org\/{rel}","templated":true}]}}