{"id":28955,"date":"2023-03-20T16:32:10","date_gmt":"2023-03-20T15:32:10","guid":{"rendered":"https:\/\/bw201.brentex-webproject.ch\/?page_id=28955"},"modified":"2023-11-10T15:03:03","modified_gmt":"2023-11-10T14:03:03","slug":"leistungen","status":"publish","type":"page","link":"https:\/\/www.geissbuehler-partner.ch\/en\/leistungen\/","title":{"rendered":"Services"},"content":{"rendered":"<div data-elementor-type=\"wp-page\" data-elementor-id=\"28955\" class=\"elementor elementor-28955\" data-elementor-post-type=\"page\">\n\t\t\t\t\t\t<section class=\"elementor-section elementor-top-section elementor-element elementor-element-57b29a2 elementor-section-height-full elementor-section-boxed elementor-section-height-default elementor-section-items-middle\" data-id=\"57b29a2\" data-element_type=\"section\" data-settings=\"{&quot;background_background&quot;:&quot;classic&quot;,&quot;_ha_eqh_enable&quot;:false}\">\n\t\t\t\t\t\t\t<div class=\"elementor-background-overlay\"><\/div>\n\t\t\t\t\t\t\t<div class=\"elementor-container elementor-column-gap-default\">\n\t\t\t\t\t<div class=\"elementor-column elementor-col-100 elementor-top-column elementor-element elementor-element-144e609\" data-id=\"144e609\" data-element_type=\"column\">\n\t\t\t<div class=\"elementor-widget-wrap elementor-element-populated\">\n\t\t\t\t\t\t<div class=\"elementor-element elementor-element-46a9cc0 elementor-widget elementor-widget-heading\" data-id=\"46a9cc0\" data-element_type=\"widget\" data-widget_type=\"heading.default\">\n\t\t\t\t<div class=\"elementor-widget-container\">\n\t\t\t<h2 class=\"elementor-heading-title elementor-size-default\">Services\n<\/h2>\t\t<\/div>\n\t\t\t\t<\/div>\n\t\t\t\t<div class=\"elementor-element elementor-element-553c140 elementor-widget elementor-widget-heading\" data-id=\"553c140\" data-element_type=\"widget\" data-widget_type=\"heading.default\">\n\t\t\t\t<div class=\"elementor-widget-container\">\n\t\t\t<h2 class=\"elementor-heading-title elementor-size-default\">Portfolio management<\/h2>\t\t<\/div>\n\t\t\t\t<\/div>\n\t\t\t\t<section class=\"elementor-section elementor-inner-section elementor-element elementor-element-b67aa34 elementor-section-full_width elementor-section-height-default elementor-section-height-default\" data-id=\"b67aa34\" data-element_type=\"section\" data-settings=\"{&quot;_ha_eqh_enable&quot;:false}\">\n\t\t\t\t\t\t<div class=\"elementor-container elementor-column-gap-default\">\n\t\t\t\t\t<div class=\"elementor-column elementor-col-50 elementor-inner-column elementor-element elementor-element-567dc36\" data-id=\"567dc36\" data-element_type=\"column\">\n\t\t\t<div class=\"elementor-widget-wrap elementor-element-populated\">\n\t\t\t\t\t\t<div class=\"elementor-element elementor-element-a24c128 elementor-widget-divider--view-line elementor-widget elementor-widget-divider\" data-id=\"a24c128\" data-element_type=\"widget\" data-widget_type=\"divider.default\">\n\t\t\t\t<div class=\"elementor-widget-container\">\n\t\t\t\t\t<div class=\"elementor-divider\">\n\t\t\t<span class=\"elementor-divider-separator\">\n\t\t\t\t\t\t<\/span>\n\t\t<\/div>\n\t\t\t\t<\/div>\n\t\t\t\t<\/div>\n\t\t\t\t\t<\/div>\n\t\t<\/div>\n\t\t\t\t<div class=\"elementor-column elementor-col-50 elementor-inner-column elementor-element elementor-element-6e12d93\" data-id=\"6e12d93\" data-element_type=\"column\">\n\t\t\t<div class=\"elementor-widget-wrap elementor-element-populated\">\n\t\t\t\t\t\t<div class=\"elementor-element elementor-element-31ade7f elementor-widget elementor-widget-text-editor\" data-id=\"31ade7f\" data-element_type=\"widget\" data-widget_type=\"text-editor.default\">\n\t\t\t\t<div class=\"elementor-widget-container\">\n\t\t\t\t\t\t\t<p>Paul Geissb\u00fchler + Partner offers individual and international asset management to private clients. We handle portfolios in the major Western currencies.\u00a0<\/p>\t\t\t\t\t\t<\/div>\n\t\t\t\t<\/div>\n\t\t\t\t\t<\/div>\n\t\t<\/div>\n\t\t\t\t\t<\/div>\n\t\t<\/section>\n\t\t\t\t\t<\/div>\n\t\t<\/div>\n\t\t\t\t\t<\/div>\n\t\t<\/section>\n\t\t\t\t<section class=\"elementor-section elementor-top-section elementor-element elementor-element-97243d7 elementor-section-full_width elementor-section-height-min-height elementor-section-items-stretch elementor-section-height-default\" data-id=\"97243d7\" data-element_type=\"section\" data-settings=\"{&quot;_ha_eqh_enable&quot;:false}\">\n\t\t\t\t\t\t<div class=\"elementor-container elementor-column-gap-default\">\n\t\t\t\t\t<div class=\"elementor-column elementor-col-50 elementor-top-column elementor-element elementor-element-e52fa28 elementor-hidden-mobile\" data-id=\"e52fa28\" data-element_type=\"column\" data-settings=\"{&quot;background_background&quot;:&quot;classic&quot;}\">\n\t\t\t<div class=\"elementor-widget-wrap elementor-element-populated\">\n\t\t\t\t\t<div class=\"elementor-background-overlay\"><\/div>\n\t\t\t\t\t\t<div class=\"elementor-element elementor-element-88e37f8 elementor-widget elementor-widget-spacer\" data-id=\"88e37f8\" data-element_type=\"widget\" data-widget_type=\"spacer.default\">\n\t\t\t\t<div class=\"elementor-widget-container\">\n\t\t\t\t\t<div class=\"elementor-spacer\">\n\t\t\t<div class=\"elementor-spacer-inner\"><\/div>\n\t\t<\/div>\n\t\t\t\t<\/div>\n\t\t\t\t<\/div>\n\t\t\t\t\t<\/div>\n\t\t<\/div>\n\t\t\t\t<div class=\"elementor-column elementor-col-50 elementor-top-column elementor-element elementor-element-ff55d4b\" data-id=\"ff55d4b\" data-element_type=\"column\" data-settings=\"{&quot;background_background&quot;:&quot;classic&quot;}\">\n\t\t\t<div class=\"elementor-widget-wrap elementor-element-populated\">\n\t\t\t\t\t\t<div class=\"elementor-element elementor-element-ef11d8e elementor-widget elementor-widget-heading\" data-id=\"ef11d8e\" data-element_type=\"widget\" data-widget_type=\"heading.default\">\n\t\t\t\t<div class=\"elementor-widget-container\">\n\t\t\t<h2 class=\"elementor-heading-title elementor-size-default\">Investment<\/h2>\t\t<\/div>\n\t\t\t\t<\/div>\n\t\t\t\t<div class=\"elementor-element elementor-element-23394ff elementor-widget elementor-widget-heading\" data-id=\"23394ff\" data-element_type=\"widget\" data-widget_type=\"heading.default\">\n\t\t\t\t<div class=\"elementor-widget-container\">\n\t\t\t<h2 class=\"elementor-heading-title elementor-size-default\">at a glance<\/h2>\t\t<\/div>\n\t\t\t\t<\/div>\n\t\t\t\t<div class=\"elementor-element elementor-element-42a2b34 elementor-widget elementor-widget-text-editor\" data-id=\"42a2b34\" data-element_type=\"widget\" data-widget_type=\"text-editor.default\">\n\t\t\t\t<div class=\"elementor-widget-container\">\n\t\t\t\t\t\t\t<p>Generally, we invest directly in shares, bonds, convertible bonds and cash. If investments are required in fields we do not cover directly, we use Exchange Traded Funds (ETFs).\u00a0<\/p>\t\t\t\t\t\t<\/div>\n\t\t\t\t<\/div>\n\t\t\t\t<div class=\"elementor-element elementor-element-3e9bb29 elementor-position-left elementor-vertical-align-middle elementor-view-stacked elementor-widget__width-auto elementor-mobile-position-left elementor-shape-circle elementor-widget elementor-widget-icon-box\" data-id=\"3e9bb29\" data-element_type=\"widget\" data-widget_type=\"icon-box.default\">\n\t\t\t\t<div class=\"elementor-widget-container\">\n\t\t\t\t\t<div class=\"elementor-icon-box-wrapper\">\n\n\t\t\t\t\t\t<div class=\"elementor-icon-box-icon\">\n\t\t\t\t<a href=\"https:\/\/www.geissbuehler-partner.ch\/en\/kontakt\/\" class=\"elementor-icon elementor-animation-\" tabindex=\"-1\">\n\t\t\t\t<i aria-hidden=\"true\" class=\"hm hm-arrow-right\"><\/i>\t\t\t\t<\/a>\n\t\t\t<\/div>\n\t\t\t\n\t\t\t\t\t\t<div class=\"elementor-icon-box-content\">\n\n\t\t\t\t\t\t\t\t\t<h3 class=\"elementor-icon-box-title\">\n\t\t\t\t\t\t<a href=\"https:\/\/www.geissbuehler-partner.ch\/en\/kontakt\/\" >\n\t\t\t\t\t\t\tContact us now\t\t\t\t\t\t<\/a>\n\t\t\t\t\t<\/h3>\n\t\t\t\t\n\t\t\t\t\n\t\t\t<\/div>\n\t\t\t\n\t\t<\/div>\n\t\t\t\t<\/div>\n\t\t\t\t<\/div>\n\t\t\t\t\t<\/div>\n\t\t<\/div>\n\t\t\t\t\t<\/div>\n\t\t<\/section>\n\t\t\t\t<section class=\"elementor-section elementor-top-section elementor-element elementor-element-e595d33 elementor-section-boxed elementor-section-height-default elementor-section-height-default\" data-id=\"e595d33\" data-element_type=\"section\" data-settings=\"{&quot;background_background&quot;:&quot;classic&quot;,&quot;_ha_eqh_enable&quot;:false}\">\n\t\t\t\t\t\t<div class=\"elementor-container elementor-column-gap-default\">\n\t\t\t\t\t<div class=\"elementor-column elementor-col-100 elementor-top-column elementor-element elementor-element-c5a7b48\" data-id=\"c5a7b48\" data-element_type=\"column\">\n\t\t\t<div class=\"elementor-widget-wrap elementor-element-populated\">\n\t\t\t\t\t\t<div class=\"elementor-element elementor-element-46ba094 elementor-widget elementor-widget-heading\" data-id=\"46ba094\" data-element_type=\"widget\" data-widget_type=\"heading.default\">\n\t\t\t\t<div class=\"elementor-widget-container\">\n\t\t\t<h2 class=\"elementor-heading-title elementor-size-default\">Leave your investment decisions to us<\/h2>\t\t<\/div>\n\t\t\t\t<\/div>\n\t\t\t\t<section class=\"elementor-section elementor-inner-section elementor-element elementor-element-e4d6f11 elementor-section-full_width elementor-reverse-tablet elementor-reverse-mobile elementor-section-height-default elementor-section-height-default\" data-id=\"e4d6f11\" data-element_type=\"section\" data-settings=\"{&quot;_ha_eqh_enable&quot;:false}\">\n\t\t\t\t\t\t<div class=\"elementor-container elementor-column-gap-default\">\n\t\t\t\t\t<div class=\"elementor-column elementor-col-50 elementor-inner-column elementor-element elementor-element-948dd95\" data-id=\"948dd95\" data-element_type=\"column\" data-settings=\"{&quot;background_background&quot;:&quot;classic&quot;}\">\n\t\t\t<div class=\"elementor-widget-wrap elementor-element-populated\">\n\t\t\t\t\t\t<div class=\"elementor-element elementor-element-877d9eb elementor-widget elementor-widget-image\" data-id=\"877d9eb\" data-element_type=\"widget\" data-widget_type=\"image.default\">\n\t\t\t\t<div class=\"elementor-widget-container\">\n\t\t\t\t\t\t\t\t\t\t\t\t\t<img fetchpriority=\"high\" decoding=\"async\" width=\"800\" height=\"534\" src=\"https:\/\/www.geissbuehler-partner.ch\/wp-content\/uploads\/2023\/07\/DSC02019-scaled-e1690379425798-1024x683.jpg\" class=\"attachment-large size-large wp-image-32629\" alt=\"\" srcset=\"https:\/\/www.geissbuehler-partner.ch\/wp-content\/uploads\/2023\/07\/DSC02019-scaled-e1690379425798-1024x683.jpg 1024w, https:\/\/www.geissbuehler-partner.ch\/wp-content\/uploads\/2023\/07\/DSC02019-scaled-e1690379425798-300x200.jpg 300w, https:\/\/www.geissbuehler-partner.ch\/wp-content\/uploads\/2023\/07\/DSC02019-scaled-e1690379425798-768x512.jpg 768w, https:\/\/www.geissbuehler-partner.ch\/wp-content\/uploads\/2023\/07\/DSC02019-scaled-e1690379425798-1536x1025.jpg 1536w, https:\/\/www.geissbuehler-partner.ch\/wp-content\/uploads\/2023\/07\/DSC02019-scaled-e1690379425798-2048x1366.jpg 2048w, https:\/\/www.geissbuehler-partner.ch\/wp-content\/uploads\/2023\/07\/DSC02019-scaled-e1690379425798-18x12.jpg 18w\" sizes=\"(max-width: 800px) 100vw, 800px\" \/>\t\t\t\t\t\t\t\t\t\t\t\t\t<\/div>\n\t\t\t\t<\/div>\n\t\t\t\t\t<\/div>\n\t\t<\/div>\n\t\t\t\t<div class=\"elementor-column elementor-col-50 elementor-inner-column elementor-element elementor-element-da8e1eb\" data-id=\"da8e1eb\" data-element_type=\"column\">\n\t\t\t<div class=\"elementor-widget-wrap elementor-element-populated\">\n\t\t\t\t\t\t<div class=\"elementor-element elementor-element-1018918 elementor-widget elementor-widget-text-editor\" data-id=\"1018918\" data-element_type=\"widget\" data-widget_type=\"text-editor.default\">\n\t\t\t\t<div class=\"elementor-widget-container\">\n\t\t\t\t\t\t\t<p>Your investment targets and risk preferences will be determined during a personal meeting. Management of the portfolio is then transposed into a mandate based on the mutually defined investment strategy. Hence, you can leave the investment decisions to the experts.<\/p><p>Our firm does not accept any retrocessions from banks or brokers. Therefore, our clients benefit from better conditions and lower brokerage fees. We will be happy to advise you individually on the broad range of possibilities.<\/p>\t\t\t\t\t\t<\/div>\n\t\t\t\t<\/div>\n\t\t\t\t<div class=\"elementor-element elementor-element-0c263a0 elementor-widget elementor-widget-eael-adv-accordion\" data-id=\"0c263a0\" data-element_type=\"widget\" data-widget_type=\"eael-adv-accordion.default\">\n\t\t\t\t<div class=\"elementor-widget-container\">\n\t\t\t        <div class=\"eael-adv-accordion\" id=\"eael-adv-accordion-0c263a0\" data-scroll-on-click=\"no\" data-scroll-speed=\"300\" data-accordion-id=\"0c263a0\" data-accordion-type=\"accordion\" data-toogle-speed=\"300\">\n    <div class=\"eael-accordion-list\">\n                <div id=\"internationale-kundschaft\" class=\"elementor-tab-title eael-accordion-header\" tabindex=\"0\" data-tab=\"1\" aria-controls=\"elementor-tab-content-1271\"><span class=\"eael-advanced-accordion-icon-closed\"><i aria-hidden=\"true\" class=\"fa-accordion-icon fas fa-plus-circle\"><\/i><\/span><span class=\"eael-advanced-accordion-icon-opened\"><i aria-hidden=\"true\" class=\"fa-accordion-icon fas fa-plus-circle\"><\/i><\/span><span class=\"eael-accordion-tab-title\">International clientele<\/span><\/div><div id=\"elementor-tab-content-1271\" class=\"eael-accordion-content clearfix\" data-tab=\"1\" aria-labelledby=\"internationale-kundschaft\"><p>Paul Geissb\u00fchler + Partner Ltd is an asset management company with core competence in international portfolio management and focus on upscale, international clientele.<\/p><\/div>\n                <\/div><div class=\"eael-accordion-list\">\n                <div id=\"keine-interessenskonflikte\" class=\"elementor-tab-title eael-accordion-header\" tabindex=\"0\" data-tab=\"2\" aria-controls=\"elementor-tab-content-1272\"><span class=\"eael-advanced-accordion-icon-closed\"><i aria-hidden=\"true\" class=\"fa-accordion-icon fas fa-plus-circle\"><\/i><\/span><span class=\"eael-advanced-accordion-icon-opened\"><i aria-hidden=\"true\" class=\"fa-accordion-icon fas fa-plus-circle\"><\/i><\/span><span class=\"eael-accordion-tab-title\">No conflicts of interest<\/span><\/div><div id=\"elementor-tab-content-1272\" class=\"eael-accordion-content clearfix\" data-tab=\"2\" aria-labelledby=\"keine-interessenskonflikte\"><p>For questions related to tax and estate planning, its clients seek the advice of independent specialists. The company\u2019s exclusive focus on portfolio management helps it to avoid any potential conflicts of interest.\u00a0<\/p><\/div>\n                <\/div><div class=\"eael-accordion-list\">\n                <div id=\"unabhngige-verwaltung\" class=\"elementor-tab-title eael-accordion-header\" tabindex=\"0\" data-tab=\"3\" aria-controls=\"elementor-tab-content-1273\"><span class=\"eael-advanced-accordion-icon-closed\"><i aria-hidden=\"true\" class=\"fa-accordion-icon fas fa-plus-circle\"><\/i><\/span><span class=\"eael-advanced-accordion-icon-opened\"><i aria-hidden=\"true\" class=\"fa-accordion-icon fas fa-plus-circle\"><\/i><\/span><span class=\"eael-accordion-tab-title\">Independent management<\/span><\/div><div id=\"elementor-tab-content-1273\" class=\"eael-accordion-content clearfix\" data-tab=\"3\" aria-labelledby=\"unabhngige-verwaltung\"><p>Our balance sheet does not contain any customer funds and poses no counterparty risk for clients. We do not operate any commercial lending business and do not participate in syndicates. Our clients maintain their own accounts at their bank. The management mandate merely allows us to manage the portfolio, however not to transfer cash or assets.\u00a0<\/p><\/div>\n                <\/div><\/div>\t\t<\/div>\n\t\t\t\t<\/div>\n\t\t\t\t\t<\/div>\n\t\t<\/div>\n\t\t\t\t\t<\/div>\n\t\t<\/section>\n\t\t\t\t\t<\/div>\n\t\t<\/div>\n\t\t\t\t\t<\/div>\n\t\t<\/section>\n\t\t\t\t<\/div>","protected":false},"excerpt":{"rendered":"<p>Leistungen Portfoliomanagement Paul Geissb\u00fchler + Partner bietet Privatkunden individuelle, internationale Verm\u00f6gensverwaltung an. Wir f\u00fchren Portfolios in den wichtigen westlichen W\u00e4hrungen. Investitionen im \u00dcberblick Grunds\u00e4tzlich investieren wir direkt in Aktien, Obligationen, Wandelobligationen und Cash. Nach Bedarf decken wir Gebiete, wo wir keine Direktanlagen t\u00e4tigen wollen oder k\u00f6nnen, mittels ETFs (Exchange Traded Funds) ab. JETZT KONTAKTIEREN \u00dcberlassen [&hellip;]<\/p>","protected":false},"author":2,"featured_media":32250,"parent":0,"menu_order":3,"comment_status":"closed","ping_status":"closed","template":"elementor_header_footer","meta":{"footnotes":""},"yoast_head":"<!-- This site is optimized with the Yoast SEO plugin v22.7 - https:\/\/yoast.com\/wordpress\/plugins\/seo\/ -->\n<title>Leistungen - Paul Geissb\u00fchler + Partner AG<\/title>\n<meta name=\"description\" content=\"Portfoliomanagement - Paul Geissb\u00fchler + Partner bietet Privatkunden individuelle, internationale Verm\u00f6gensverwaltung an.\" \/>\n<meta name=\"robots\" content=\"index, follow, max-snippet:-1, max-image-preview:large, max-video-preview:-1\" \/>\n<link rel=\"canonical\" href=\"https:\/\/www.geissbuehler-partner.ch\/en\/leistungen\/\" \/>\n<meta property=\"og:locale\" content=\"en_US\" \/>\n<meta property=\"og:type\" content=\"article\" \/>\n<meta property=\"og:title\" content=\"Leistungen - Paul Geissb\u00fchler + Partner AG\" \/>\n<meta property=\"og:description\" content=\"Portfoliomanagement - Paul Geissb\u00fchler + Partner bietet Privatkunden individuelle, internationale Verm\u00f6gensverwaltung an.\" \/>\n<meta property=\"og:url\" content=\"https:\/\/www.geissbuehler-partner.ch\/en\/leistungen\/\" \/>\n<meta property=\"og:site_name\" content=\"Paul Geissb\u00fchler + Partner AG\" \/>\n<meta property=\"article:modified_time\" content=\"2023-11-10T14:03:03+00:00\" \/>\n<meta property=\"og:image\" content=\"https:\/\/www.geissbuehler-partner.ch\/wp-content\/uploads\/2023\/04\/site.jpg\" \/>\n\t<meta property=\"og:image:width\" content=\"1024\" \/>\n\t<meta property=\"og:image:height\" content=\"1024\" \/>\n\t<meta property=\"og:image:type\" content=\"image\/jpeg\" \/>\n<meta name=\"twitter:card\" content=\"summary_large_image\" \/>\n<meta name=\"twitter:label1\" content=\"Est. reading time\" \/>\n\t<meta name=\"twitter:data1\" content=\"2 minutes\" \/>\n<script type=\"application\/ld+json\" class=\"yoast-schema-graph\">{\"@context\":\"https:\/\/schema.org\",\"@graph\":[{\"@type\":\"WebPage\",\"@id\":\"https:\/\/www.geissbuehler-partner.ch\/leistungen\/\",\"url\":\"https:\/\/www.geissbuehler-partner.ch\/leistungen\/\",\"name\":\"Leistungen - Paul Geissb\u00fchler + Partner AG\",\"isPartOf\":{\"@id\":\"https:\/\/www.geissbuehler-partner.ch\/#website\"},\"primaryImageOfPage\":{\"@id\":\"https:\/\/www.geissbuehler-partner.ch\/leistungen\/#primaryimage\"},\"image\":{\"@id\":\"https:\/\/www.geissbuehler-partner.ch\/leistungen\/#primaryimage\"},\"thumbnailUrl\":\"https:\/\/www.geissbuehler-partner.ch\/wp-content\/uploads\/2023\/04\/site.jpg\",\"datePublished\":\"2023-03-20T15:32:10+00:00\",\"dateModified\":\"2023-11-10T14:03:03+00:00\",\"description\":\"Portfoliomanagement - Paul Geissb\u00fchler + Partner bietet Privatkunden individuelle, internationale Verm\u00f6gensverwaltung an.\",\"breadcrumb\":{\"@id\":\"https:\/\/www.geissbuehler-partner.ch\/leistungen\/#breadcrumb\"},\"inLanguage\":\"en-US\",\"potentialAction\":[{\"@type\":\"ReadAction\",\"target\":[\"https:\/\/www.geissbuehler-partner.ch\/leistungen\/\"]}]},{\"@type\":\"ImageObject\",\"inLanguage\":\"en-US\",\"@id\":\"https:\/\/www.geissbuehler-partner.ch\/leistungen\/#primaryimage\",\"url\":\"https:\/\/www.geissbuehler-partner.ch\/wp-content\/uploads\/2023\/04\/site.jpg\",\"contentUrl\":\"https:\/\/www.geissbuehler-partner.ch\/wp-content\/uploads\/2023\/04\/site.jpg\",\"width\":1024,\"height\":1024,\"caption\":\"Verm\u00f6gensverwaltung in Z\u00fcrich\"},{\"@type\":\"BreadcrumbList\",\"@id\":\"https:\/\/www.geissbuehler-partner.ch\/leistungen\/#breadcrumb\",\"itemListElement\":[{\"@type\":\"ListItem\",\"position\":1,\"name\":\"Home\",\"item\":\"https:\/\/www.geissbuehler-partner.ch\/\"},{\"@type\":\"ListItem\",\"position\":2,\"name\":\"Leistungen\"}]},{\"@type\":\"WebSite\",\"@id\":\"https:\/\/www.geissbuehler-partner.ch\/#website\",\"url\":\"https:\/\/www.geissbuehler-partner.ch\/\",\"name\":\"Paul Geissb\u00fchler + Partner AG\",\"description\":\"\",\"publisher\":{\"@id\":\"https:\/\/www.geissbuehler-partner.ch\/#organization\"},\"inLanguage\":\"en-US\"},{\"@type\":\"Organization\",\"@id\":\"https:\/\/www.geissbuehler-partner.ch\/#organization\",\"name\":\"Paul Geissb\u00fchler + Partner AG\",\"url\":\"https:\/\/www.geissbuehler-partner.ch\/\",\"logo\":{\"@type\":\"ImageObject\",\"inLanguage\":\"en-US\",\"@id\":\"https:\/\/www.geissbuehler-partner.ch\/#\/schema\/logo\/image\/\",\"url\":\"http:\/\/geissbuehler-partner.ch\/wp-content\/uploads\/2023\/03\/cropped-Site.jpg\",\"contentUrl\":\"http:\/\/geissbuehler-partner.ch\/wp-content\/uploads\/2023\/03\/cropped-Site.jpg\",\"width\":512,\"height\":512,\"caption\":\"Paul Geissb\u00fchler + Partner AG\"},\"image\":{\"@id\":\"https:\/\/www.geissbuehler-partner.ch\/#\/schema\/logo\/image\/\"}}]}<\/script>\n<!-- \/ Yoast SEO plugin. -->","yoast_head_json":{"title":"Leistungen - Paul Geissb\u00fchler + Partner AG","description":"Portfoliomanagement - Paul Geissb\u00fchler + Partner bietet Privatkunden individuelle, internationale Verm\u00f6gensverwaltung an.","robots":{"index":"index","follow":"follow","max-snippet":"max-snippet:-1","max-image-preview":"max-image-preview:large","max-video-preview":"max-video-preview:-1"},"canonical":"https:\/\/www.geissbuehler-partner.ch\/en\/leistungen\/","og_locale":"en_US","og_type":"article","og_title":"Leistungen - Paul Geissb\u00fchler + Partner AG","og_description":"Portfoliomanagement - Paul Geissb\u00fchler + Partner bietet Privatkunden individuelle, internationale Verm\u00f6gensverwaltung an.","og_url":"https:\/\/www.geissbuehler-partner.ch\/en\/leistungen\/","og_site_name":"Paul Geissb\u00fchler + Partner AG","article_modified_time":"2023-11-10T14:03:03+00:00","og_image":[{"width":1024,"height":1024,"url":"https:\/\/www.geissbuehler-partner.ch\/wp-content\/uploads\/2023\/04\/site.jpg","type":"image\/jpeg"}],"twitter_card":"summary_large_image","twitter_misc":{"Est. reading time":"2 minutes"},"schema":{"@context":"https:\/\/schema.org","@graph":[{"@type":"WebPage","@id":"https:\/\/www.geissbuehler-partner.ch\/leistungen\/","url":"https:\/\/www.geissbuehler-partner.ch\/leistungen\/","name":"Leistungen - Paul Geissb\u00fchler + Partner AG","isPartOf":{"@id":"https:\/\/www.geissbuehler-partner.ch\/#website"},"primaryImageOfPage":{"@id":"https:\/\/www.geissbuehler-partner.ch\/leistungen\/#primaryimage"},"image":{"@id":"https:\/\/www.geissbuehler-partner.ch\/leistungen\/#primaryimage"},"thumbnailUrl":"https:\/\/www.geissbuehler-partner.ch\/wp-content\/uploads\/2023\/04\/site.jpg","datePublished":"2023-03-20T15:32:10+00:00","dateModified":"2023-11-10T14:03:03+00:00","description":"Portfoliomanagement - Paul Geissb\u00fchler + Partner bietet Privatkunden individuelle, internationale Verm\u00f6gensverwaltung an.","breadcrumb":{"@id":"https:\/\/www.geissbuehler-partner.ch\/leistungen\/#breadcrumb"},"inLanguage":"en-US","potentialAction":[{"@type":"ReadAction","target":["https:\/\/www.geissbuehler-partner.ch\/leistungen\/"]}]},{"@type":"ImageObject","inLanguage":"en-US","@id":"https:\/\/www.geissbuehler-partner.ch\/leistungen\/#primaryimage","url":"https:\/\/www.geissbuehler-partner.ch\/wp-content\/uploads\/2023\/04\/site.jpg","contentUrl":"https:\/\/www.geissbuehler-partner.ch\/wp-content\/uploads\/2023\/04\/site.jpg","width":1024,"height":1024,"caption":"Verm\u00f6gensverwaltung in Z\u00fcrich"},{"@type":"BreadcrumbList","@id":"https:\/\/www.geissbuehler-partner.ch\/leistungen\/#breadcrumb","itemListElement":[{"@type":"ListItem","position":1,"name":"Home","item":"https:\/\/www.geissbuehler-partner.ch\/"},{"@type":"ListItem","position":2,"name":"Leistungen"}]},{"@type":"WebSite","@id":"https:\/\/www.geissbuehler-partner.ch\/#website","url":"https:\/\/www.geissbuehler-partner.ch\/","name":"Paul Geissb\u00fchler + Partner AG","description":"","publisher":{"@id":"https:\/\/www.geissbuehler-partner.ch\/#organization"},"inLanguage":"en-US"},{"@type":"Organization","@id":"https:\/\/www.geissbuehler-partner.ch\/#organization","name":"Paul Geissb\u00fchler + Partner AG","url":"https:\/\/www.geissbuehler-partner.ch\/","logo":{"@type":"ImageObject","inLanguage":"en-US","@id":"https:\/\/www.geissbuehler-partner.ch\/#\/schema\/logo\/image\/","url":"http:\/\/geissbuehler-partner.ch\/wp-content\/uploads\/2023\/03\/cropped-Site.jpg","contentUrl":"http:\/\/geissbuehler-partner.ch\/wp-content\/uploads\/2023\/03\/cropped-Site.jpg","width":512,"height":512,"caption":"Paul Geissb\u00fchler + Partner AG"},"image":{"@id":"https:\/\/www.geissbuehler-partner.ch\/#\/schema\/logo\/image\/"}}]}},"_links":{"self":[{"href":"https:\/\/www.geissbuehler-partner.ch\/en\/wp-json\/wp\/v2\/pages\/28955"}],"collection":[{"href":"https:\/\/www.geissbuehler-partner.ch\/en\/wp-json\/wp\/v2\/pages"}],"about":[{"href":"https:\/\/www.geissbuehler-partner.ch\/en\/wp-json\/wp\/v2\/types\/page"}],"author":[{"embeddable":true,"href":"https:\/\/www.geissbuehler-partner.ch\/en\/wp-json\/wp\/v2\/users\/2"}],"replies":[{"embeddable":true,"href":"https:\/\/www.geissbuehler-partner.ch\/en\/wp-json\/wp\/v2\/comments?post=28955"}],"version-history":[{"count":498,"href":"https:\/\/www.geissbuehler-partner.ch\/en\/wp-json\/wp\/v2\/pages\/28955\/revisions"}],"predecessor-version":[{"id":33309,"href":"https:\/\/www.geissbuehler-partner.ch\/en\/wp-json\/wp\/v2\/pages\/28955\/revisions\/33309"}],"wp:featuredmedia":[{"embeddable":true,"href":"https:\/\/www.geissbuehler-partner.ch\/en\/wp-json\/wp\/v2\/media\/32250"}],"wp:attachment":[{"href":"https:\/\/www.geissbuehler-partner.ch\/en\/wp-json\/wp\/v2\/media?parent=28955"}],"curies":[{"name":"wp","href":"https:\/\/api.w.org\/{rel}","templated":true}]}}